{"id":8200,"date":"2021-06-16T13:00:07","date_gmt":"2021-06-16T11:00:07","guid":{"rendered":"https:\/\/huetearquitectos.com\/nuestro-estudio\/"},"modified":"2025-10-21T09:36:30","modified_gmt":"2025-10-21T07:36:30","slug":"our-studio","status":"publish","type":"page","link":"https:\/\/huetearquitectos.com\/en\/our-studio\/","title":{"rendered":"Studio"},"content":{"rendered":"<p><img decoding=\"async\" src=\"https:\/\/huetearquitectos.com\/wp-content\/uploads\/\/2021\/10\/Firma_Fernando.svg\" alt=\"Firma Huete\"\/><br \/>\n\t\tFernando G\u00f3mez Huete<br \/>\n\t\tCEO ARCHITECT<br \/>\n\t<img decoding=\"async\" src=\"https:\/\/huetearquitectos.com\/wp-content\/uploads\/2021\/06\/huete01-gris.png\" alt=\"Gustavo G\u00f3mez Huete\"\/><br \/>\n\t\t<img decoding=\"async\" src=\"https:\/\/huetearquitectos.com\/wp-content\/uploads\/\/2021\/07\/firma_02.svg\" alt=\"Firma Huete\"\/><br \/>\n\t\tGustavo G\u00f3mez Huete<br \/>\n\t\tFOUNDER ARCHITECT<br \/>\n\t<img decoding=\"async\" src=\"https:\/\/huetearquitectos.com\/wp-content\/uploads\/2021\/06\/huete02-gris.png\" alt=\"Gustavo G\u00f3mez Huete\"\/><br \/>\n  Amo la arquitectura porque forma parte indisoluble de toda la vida del ser humano. Desde que nacemos hasta que nos vamos vivimos inmersos en ella. Amamos, sufrimos, re\u00edmos, trabajamos&#8230; dentro o en espacios creados y construidos para hacer mejor la vida de las personas.<br \/>\n  Como dec\u00eda Vitruvio, la arquitectura es una ciencia que surge de la uni\u00f3n de muchas otras pero, por encima de todo, para m\u00ed es una mezcla de arte, pensamiento, sensibilidad y belleza. Cuatro pilares inherentes a la evoluci\u00f3n en sociedad de la civilizaci\u00f3n humana.<\/p>\n<h2>Our studio<\/h2>\n<h2>25 years designing\u00a0contructive art<\/h2>\n<p>\t\t\t\t\t\t\t\t\t\t\t\t\t\t\t<img fetchpriority=\"high\" decoding=\"async\" width=\"334\" height=\"205\" src=\"https:\/\/huetearquitectos.com\/wp-content\/uploads\/\/2021\/06\/group-74-copy.svg\" alt=\"\" \/><br \/>\n\t\t\t\t\tOur studio\t\t\t\t<\/p>\n<p><strong>Passionate about form and art in general<\/strong>, from our beginnings, we were conscious of understanding <strong>teamwork as the best way to achieve important achievements<\/strong>, creating a multidisciplinary group that brings great technical and human quality to our work.<\/p>\n<p>The <strong>Huete Arquitectos<\/strong> Team is a group of professional architects in the field of <strong>architecture and engineering<\/strong> with extensive experience in various fields of <strong>building and urban planning<\/strong>, having designed and executed a multitude of types of projects in its <strong>more than 25 years of experience<\/strong>.<\/p>\n<figure><img decoding=\"async\" src=\"https:\/\/huetearquitectos.com\/wp-content\/uploads\/2021\/06\/placeholder-proyectos.jpg\" alt=\"Proyecto 3\" \/><\/figure>\n<figure><img decoding=\"async\" src=\"https:\/\/huetearquitectos.com\/wp-content\/uploads\/2021\/07\/Biblioteca.jpeg\" alt=\"Biblioteca Municipal de Marbella\nMijas, M\u00e1laga\" \/><\/figure>\n<figure><img decoding=\"async\" src=\"https:\/\/huetearquitectos.com\/wp-content\/uploads\/2021\/07\/Cabo-verde.jpeg\" alt=\"Cabo verde\" \/><\/figure>\n<p>\t\t\t\t\t\t\t\t\t\t\t\t\t\t\t<img decoding=\"async\" width=\"1500\" height=\"769\" src=\"https:\/\/huetearquitectos.com\/wp-content\/uploads\/2021\/08\/orquideario_web_croquis.png\" alt=\"\" srcset=\"https:\/\/huetearquitectos.com\/wp-content\/uploads\/2021\/08\/orquideario_web_croquis.png 1500w, https:\/\/huetearquitectos.com\/wp-content\/uploads\/2021\/08\/orquideario_web_croquis-300x154.png 300w, https:\/\/huetearquitectos.com\/wp-content\/uploads\/2021\/08\/orquideario_web_croquis-768x394.png 768w\" sizes=\"(max-width: 1500px) 100vw, 1500px\" \/>\t\t\t\t\t\t\t\t\t\t\t\t\t\t\t<\/p>\n<h2>Multidisciplinary studio<\/h2>\n<p>\t\tLuxury Villas, Underground Parking, University Study Centers, Public and Urban Facilities, Public Spaces, Parks, Office Buildings, Commercial Buildings, Residential Projects, Urbanization Projects, Urban Planning.<br \/>\n\t\t\t\t\t\t\t\t\t\t\t\t\t\t\t<img decoding=\"async\" width=\"300\" height=\"154\" src=\"https:\/\/huetearquitectos.com\/wp-content\/uploads\/2021\/08\/orquideario_web_croquis-300x154.png\" alt=\"\" srcset=\"https:\/\/huetearquitectos.com\/wp-content\/uploads\/2021\/08\/orquideario_web_croquis-300x154.png 300w, https:\/\/huetearquitectos.com\/wp-content\/uploads\/2021\/08\/orquideario_web_croquis-768x394.png 768w, https:\/\/huetearquitectos.com\/wp-content\/uploads\/2021\/08\/orquideario_web_croquis.png 1500w\" sizes=\"(max-width: 300px) 100vw, 300px\" \/>\t\t\t\t\t\t\t\t\t\t\t\t\t\t\t<\/p>\n<h2>Multidisciplinary studio<\/h2>\n<p>Projects with soul<\/p>\n<p>\t\tLuxury Villas, Underground Parking, University Study Centers, Public and Urban Facilities, Public Spaces, Parks, Office Buildings, Commercial Buildings, Residential Projects, Urbanization Projects, Urban Planning.<br \/>\n\t\t\t\t\tVital Philosophy\t\t\t\t<\/p>\n<p><strong>Architecture as a modus vivendi involves a continuous process of searching for new experiences<\/strong> in order to obtain a global perspective of urban reality.<\/p>\n<p>The creation of new spaces in harmony with their surroundings is not contradictory to the search for sensory influence in the interaction with users.<\/p>\n<p>The walk cannot remain in an inane becoming, <strong>our task is to propose elements of stimulation of individual perceptions within a diverse set<\/strong>.<\/p>\n<p><a href=\"https:\/\/huetearquitectos.com\/en\/award\/\">See Awards and Tenders<\/a>\t\t<\/p>\n<figure><img decoding=\"async\" src=\"https:\/\/huetearquitectos.com\/wp-content\/uploads\/2021\/06\/group-26.png\" alt=\"group-26\" \/><\/figure>\n<figure><img decoding=\"async\" src=\"https:\/\/huetearquitectos.com\/wp-content\/uploads\/2021\/07\/estudio2.png\" alt=\"estudio2\" \/><\/figure>\n<figure><img decoding=\"async\" src=\"https:\/\/huetearquitectos.com\/wp-content\/uploads\/2021\/07\/estudio3.png\" alt=\"estudio3\" \/><\/figure>\n<figure><img decoding=\"async\" src=\"https:\/\/huetearquitectos.com\/wp-content\/uploads\/2021\/07\/estudio4.png\" alt=\"estudio4\" \/><\/figure>\n<p>\t\t\t\t\tinternational team\t\t\t\t<\/p>\n<p><strong>Huete Arquitectos<\/strong> has projects all over the international scene. Our work philosophy is committed to a strong internationalization, with numerous projects and awards spread all over the world.<\/p>\n<p>\t\t\t\t\t\t\t\t\t\t\t\t\t\t\t<img loading=\"lazy\" decoding=\"async\" width=\"374\" height=\"267\" src=\"https:\/\/huetearquitectos.com\/wp-content\/uploads\/\/2021\/10\/spain-OK.svg\" alt=\"\" \/><br \/>\n\t\t\t\t\t\t\t\t\t\t\t\t\t\t\t<img loading=\"lazy\" decoding=\"async\" width=\"963\" height=\"474\" src=\"https:\/\/huetearquitectos.com\/wp-content\/uploads\/\/2021\/10\/mapa-mundi-OK.svg\" alt=\"\" \/><br \/>\n\t\tFuerteventuraIbizaMadridMallorcaMarbellaSevillaArgeliaBrazilCape VerdeSpainEquatorial GuineaPortugalUnited Kingdom<br \/>\n\t\t\t\t\t\t\t\t\t\t\t\t\t\t\t<img loading=\"lazy\" decoding=\"async\" width=\"374\" height=\"267\" src=\"https:\/\/huetearquitectos.com\/wp-content\/uploads\/\/2021\/10\/spain-OK.svg\" alt=\"\" \/><br \/>\n\t\tFuerteventuraIbizaMadridMallorcaMarbellaSevilla<br \/>\n\t\t\t\t\t\t\t\t\t\t\t\t\t\t\t<img loading=\"lazy\" decoding=\"async\" width=\"963\" height=\"474\" src=\"https:\/\/huetearquitectos.com\/wp-content\/uploads\/\/2021\/10\/mapa-mundi-OK.svg\" alt=\"\" \/><br \/>\n\t\tArgeliaBrazilCape VerdeSpainGuinea EcuatorialPortugalUnited Kingdom<br \/>\n\t\t\t\t\tOur team\t\t\t\t<\/p>\n<p><strong>Huete arquitectos<\/strong> is made up of a team of professionals in the field of architecture and engineering with extensive experience in various fields of building and urban planning, having designed and executed a multitude of types of projects in our more than 25 years of experience.<\/p>\n<p><a href=\"https:\/\/huetearquitectos.com\/en\/our-team\/\">Meet the team<\/a><br \/>\n\t\t\t\t\t\t\t\t\t\t\t\t\t\t\t<img loading=\"lazy\" decoding=\"async\" width=\"1696\" height=\"730\" src=\"https:\/\/huetearquitectos.com\/wp-content\/uploads\/2023\/11\/grupo-recorte-copia-bn.png\" alt=\"\" srcset=\"https:\/\/huetearquitectos.com\/wp-content\/uploads\/2023\/11\/grupo-recorte-copia-bn.png 1696w, https:\/\/huetearquitectos.com\/wp-content\/uploads\/2023\/11\/grupo-recorte-copia-bn-300x129.png 300w, https:\/\/huetearquitectos.com\/wp-content\/uploads\/2023\/11\/grupo-recorte-copia-bn-768x331.png 768w, https:\/\/huetearquitectos.com\/wp-content\/uploads\/2023\/11\/grupo-recorte-copia-bn-1536x661.png 1536w\" sizes=\"(max-width: 1696px) 100vw, 1696px\" \/><\/p>\n","protected":false},"excerpt":{"rendered":"<p>Fernando G\u00f3mez Huete CEO ARCHITECT Gustavo G\u00f3mez Huete FOUNDER ARCHITECT Amo la arquitectura porque forma parte indisoluble de toda la vida del ser humano. Desde que nacemos hasta que nos vamos vivimos inmersos en ella. Amamos, sufrimos, re\u00edmos, trabajamos&#8230; dentro o en espacios creados y construidos para hacer mejor la vida de las personas. Como&hellip;<\/p>\n","protected":false},"author":2,"featured_media":0,"parent":0,"menu_order":0,"comment_status":"closed","ping_status":"closed","template":"elementor_theme","meta":{"_acf_changed":false,"footnotes":""},"class_list":{"2":"type-page","4":"hentry"},"acf":[],"yoast_head":"<!-- This site is optimized with the Yoast SEO plugin v27.4 - https:\/\/yoast.com\/product\/yoast-seo-wordpress\/ -->\n<title>Studio - Huete Arquitectos<\/title>\n<meta name=\"description\" content=\"Especialistas en proyectos de arquitectura: Villas de lujo, Aparcamientos, Edificios comerciales, oficinas y residenciales, Espacios p\u00fablicos.\" \/>\n<meta name=\"robots\" content=\"index, follow, max-snippet:-1, max-image-preview:large, max-video-preview:-1\" \/>\n<link rel=\"canonical\" href=\"https:\/\/huetearquitectos.com\/en\/our-studio\/\" \/>\n<meta property=\"og:locale\" content=\"en_US\" \/>\n<meta property=\"og:type\" content=\"article\" \/>\n<meta property=\"og:title\" content=\"Studio - Huete Arquitectos\" \/>\n<meta property=\"og:description\" content=\"Especialistas en proyectos de arquitectura: Villas de lujo, Aparcamientos, Edificios comerciales, oficinas y residenciales, Espacios p\u00fablicos.\" \/>\n<meta property=\"og:url\" content=\"https:\/\/huetearquitectos.com\/en\/our-studio\/\" \/>\n<meta property=\"og:site_name\" content=\"Huete Arquitectos\" \/>\n<meta property=\"article:modified_time\" content=\"2025-10-21T07:36:30+00:00\" \/>\n<meta property=\"og:image\" content=\"https:\/\/huetearquitectos.com\/wp-content\/uploads\/2021\/10\/Firma_Fernando.svg\" \/>\n<meta name=\"twitter:card\" content=\"summary_large_image\" \/>\n<meta name=\"twitter:label1\" content=\"Est. reading time\" \/>\n\t<meta name=\"twitter:data1\" content=\"7 minutes\" \/>\n<script type=\"application\/ld+json\" class=\"yoast-schema-graph\">{\"@context\":\"https:\\\/\\\/schema.org\",\"@graph\":[{\"@type\":\"WebPage\",\"@id\":\"https:\\\/\\\/huetearquitectos.com\\\/en\\\/our-studio\\\/\",\"url\":\"https:\\\/\\\/huetearquitectos.com\\\/en\\\/our-studio\\\/\",\"name\":\"Studio - Huete Arquitectos\",\"isPartOf\":{\"@id\":\"https:\\\/\\\/huetearquitectos.com\\\/en\\\/#website\"},\"primaryImageOfPage\":{\"@id\":\"https:\\\/\\\/huetearquitectos.com\\\/en\\\/our-studio\\\/#primaryimage\"},\"image\":{\"@id\":\"https:\\\/\\\/huetearquitectos.com\\\/en\\\/our-studio\\\/#primaryimage\"},\"thumbnailUrl\":\"https:\\\/\\\/huetearquitectos.com\\\/wp-content\\\/uploads\\\/\\\/2021\\\/10\\\/Firma_Fernando.svg\",\"datePublished\":\"2021-06-16T11:00:07+00:00\",\"dateModified\":\"2025-10-21T07:36:30+00:00\",\"description\":\"Especialistas en proyectos de arquitectura: Villas de lujo, Aparcamientos, Edificios comerciales, oficinas y residenciales, Espacios p\u00fablicos.\",\"breadcrumb\":{\"@id\":\"https:\\\/\\\/huetearquitectos.com\\\/en\\\/our-studio\\\/#breadcrumb\"},\"inLanguage\":\"en-US\",\"potentialAction\":[{\"@type\":\"ReadAction\",\"target\":[\"https:\\\/\\\/huetearquitectos.com\\\/en\\\/our-studio\\\/\"]}]},{\"@type\":\"ImageObject\",\"inLanguage\":\"en-US\",\"@id\":\"https:\\\/\\\/huetearquitectos.com\\\/en\\\/our-studio\\\/#primaryimage\",\"url\":\"https:\\\/\\\/huetearquitectos.com\\\/wp-content\\\/uploads\\\/\\\/2021\\\/10\\\/Firma_Fernando.svg\",\"contentUrl\":\"https:\\\/\\\/huetearquitectos.com\\\/wp-content\\\/uploads\\\/\\\/2021\\\/10\\\/Firma_Fernando.svg\"},{\"@type\":\"BreadcrumbList\",\"@id\":\"https:\\\/\\\/huetearquitectos.com\\\/en\\\/our-studio\\\/#breadcrumb\",\"itemListElement\":[{\"@type\":\"ListItem\",\"position\":1,\"name\":\"Portada\",\"item\":\"https:\\\/\\\/huetearquitectos.com\\\/en\\\/\"},{\"@type\":\"ListItem\",\"position\":2,\"name\":\"Studio\"}]},{\"@type\":\"WebSite\",\"@id\":\"https:\\\/\\\/huetearquitectos.com\\\/en\\\/#website\",\"url\":\"https:\\\/\\\/huetearquitectos.com\\\/en\\\/\",\"name\":\"Huete Arquitectos\",\"description\":\"\",\"publisher\":{\"@id\":\"https:\\\/\\\/huetearquitectos.com\\\/en\\\/#organization\"},\"potentialAction\":[{\"@type\":\"SearchAction\",\"target\":{\"@type\":\"EntryPoint\",\"urlTemplate\":\"https:\\\/\\\/huetearquitectos.com\\\/en\\\/?s={search_term_string}\"},\"query-input\":{\"@type\":\"PropertyValueSpecification\",\"valueRequired\":true,\"valueName\":\"search_term_string\"}}],\"inLanguage\":\"en-US\"},{\"@type\":\"Organization\",\"@id\":\"https:\\\/\\\/huetearquitectos.com\\\/en\\\/#organization\",\"name\":\"Huete Arquitectos\",\"url\":\"https:\\\/\\\/huetearquitectos.com\\\/en\\\/\",\"logo\":{\"@type\":\"ImageObject\",\"inLanguage\":\"en-US\",\"@id\":\"https:\\\/\\\/huetearquitectos.com\\\/en\\\/#\\\/schema\\\/logo\\\/image\\\/\",\"url\":\"https:\\\/\\\/huetearquitectos.com\\\/wp-content\\\/uploads\\\/2021\\\/06\\\/logo-huete-nuevo-definitivo.svg\",\"contentUrl\":\"https:\\\/\\\/huetearquitectos.com\\\/wp-content\\\/uploads\\\/2021\\\/06\\\/logo-huete-nuevo-definitivo.svg\",\"width\":200,\"height\":32,\"caption\":\"Huete Arquitectos\"},\"image\":{\"@id\":\"https:\\\/\\\/huetearquitectos.com\\\/en\\\/#\\\/schema\\\/logo\\\/image\\\/\"}}]}<\/script>\n<!-- \/ Yoast SEO plugin. -->","yoast_head_json":{"title":"Studio - Huete Arquitectos","description":"Especialistas en proyectos de arquitectura: Villas de lujo, Aparcamientos, Edificios comerciales, oficinas y residenciales, Espacios p\u00fablicos.","robots":{"index":"index","follow":"follow","max-snippet":"max-snippet:-1","max-image-preview":"max-image-preview:large","max-video-preview":"max-video-preview:-1"},"canonical":"https:\/\/huetearquitectos.com\/en\/our-studio\/","og_locale":"en_US","og_type":"article","og_title":"Studio - Huete Arquitectos","og_description":"Especialistas en proyectos de arquitectura: Villas de lujo, Aparcamientos, Edificios comerciales, oficinas y residenciales, Espacios p\u00fablicos.","og_url":"https:\/\/huetearquitectos.com\/en\/our-studio\/","og_site_name":"Huete Arquitectos","article_modified_time":"2025-10-21T07:36:30+00:00","og_image":[{"url":"https:\/\/huetearquitectos.com\/wp-content\/uploads\/2021\/10\/Firma_Fernando.svg","type":"","width":"","height":""}],"twitter_card":"summary_large_image","twitter_misc":{"Est. reading time":"7 minutes"},"schema":{"@context":"https:\/\/schema.org","@graph":[{"@type":"WebPage","@id":"https:\/\/huetearquitectos.com\/en\/our-studio\/","url":"https:\/\/huetearquitectos.com\/en\/our-studio\/","name":"Studio - Huete Arquitectos","isPartOf":{"@id":"https:\/\/huetearquitectos.com\/en\/#website"},"primaryImageOfPage":{"@id":"https:\/\/huetearquitectos.com\/en\/our-studio\/#primaryimage"},"image":{"@id":"https:\/\/huetearquitectos.com\/en\/our-studio\/#primaryimage"},"thumbnailUrl":"https:\/\/huetearquitectos.com\/wp-content\/uploads\/\/2021\/10\/Firma_Fernando.svg","datePublished":"2021-06-16T11:00:07+00:00","dateModified":"2025-10-21T07:36:30+00:00","description":"Especialistas en proyectos de arquitectura: Villas de lujo, Aparcamientos, Edificios comerciales, oficinas y residenciales, Espacios p\u00fablicos.","breadcrumb":{"@id":"https:\/\/huetearquitectos.com\/en\/our-studio\/#breadcrumb"},"inLanguage":"en-US","potentialAction":[{"@type":"ReadAction","target":["https:\/\/huetearquitectos.com\/en\/our-studio\/"]}]},{"@type":"ImageObject","inLanguage":"en-US","@id":"https:\/\/huetearquitectos.com\/en\/our-studio\/#primaryimage","url":"https:\/\/huetearquitectos.com\/wp-content\/uploads\/\/2021\/10\/Firma_Fernando.svg","contentUrl":"https:\/\/huetearquitectos.com\/wp-content\/uploads\/\/2021\/10\/Firma_Fernando.svg"},{"@type":"BreadcrumbList","@id":"https:\/\/huetearquitectos.com\/en\/our-studio\/#breadcrumb","itemListElement":[{"@type":"ListItem","position":1,"name":"Portada","item":"https:\/\/huetearquitectos.com\/en\/"},{"@type":"ListItem","position":2,"name":"Studio"}]},{"@type":"WebSite","@id":"https:\/\/huetearquitectos.com\/en\/#website","url":"https:\/\/huetearquitectos.com\/en\/","name":"Huete Arquitectos","description":"","publisher":{"@id":"https:\/\/huetearquitectos.com\/en\/#organization"},"potentialAction":[{"@type":"SearchAction","target":{"@type":"EntryPoint","urlTemplate":"https:\/\/huetearquitectos.com\/en\/?s={search_term_string}"},"query-input":{"@type":"PropertyValueSpecification","valueRequired":true,"valueName":"search_term_string"}}],"inLanguage":"en-US"},{"@type":"Organization","@id":"https:\/\/huetearquitectos.com\/en\/#organization","name":"Huete Arquitectos","url":"https:\/\/huetearquitectos.com\/en\/","logo":{"@type":"ImageObject","inLanguage":"en-US","@id":"https:\/\/huetearquitectos.com\/en\/#\/schema\/logo\/image\/","url":"https:\/\/huetearquitectos.com\/wp-content\/uploads\/2021\/06\/logo-huete-nuevo-definitivo.svg","contentUrl":"https:\/\/huetearquitectos.com\/wp-content\/uploads\/2021\/06\/logo-huete-nuevo-definitivo.svg","width":200,"height":32,"caption":"Huete Arquitectos"},"image":{"@id":"https:\/\/huetearquitectos.com\/en\/#\/schema\/logo\/image\/"}}]}},"_links":{"self":[{"href":"https:\/\/huetearquitectos.com\/en\/wp-json\/wp\/v2\/pages\/8200","targetHints":{"allow":["GET"]}}],"collection":[{"href":"https:\/\/huetearquitectos.com\/en\/wp-json\/wp\/v2\/pages"}],"about":[{"href":"https:\/\/huetearquitectos.com\/en\/wp-json\/wp\/v2\/types\/page"}],"author":[{"embeddable":true,"href":"https:\/\/huetearquitectos.com\/en\/wp-json\/wp\/v2\/users\/2"}],"replies":[{"embeddable":true,"href":"https:\/\/huetearquitectos.com\/en\/wp-json\/wp\/v2\/comments?post=8200"}],"version-history":[{"count":3,"href":"https:\/\/huetearquitectos.com\/en\/wp-json\/wp\/v2\/pages\/8200\/revisions"}],"predecessor-version":[{"id":11073,"href":"https:\/\/huetearquitectos.com\/en\/wp-json\/wp\/v2\/pages\/8200\/revisions\/11073"}],"wp:attachment":[{"href":"https:\/\/huetearquitectos.com\/en\/wp-json\/wp\/v2\/media?parent=8200"}],"curies":[{"name":"wp","href":"https:\/\/api.w.org\/{rel}","templated":true}]}}