{"id":8230,"date":"2021-06-25T10:20:40","date_gmt":"2021-06-25T08:20:40","guid":{"rendered":"https:\/\/huetearquitectos.com\/proyectos\/"},"modified":"2021-12-16T13:35:57","modified_gmt":"2021-12-16T11:35:57","slug":"projects","status":"publish","type":"page","link":"https:\/\/huetearquitectos.com\/en\/projects\/","title":{"rendered":"Projects"},"content":{"rendered":"\t\t<div data-elementor-type=\"wp-page\" data-elementor-id=\"8230\" class=\"elementor elementor-8230 elementor-1735\" data-elementor-post-type=\"page\">\n\t\t\t\t\t\t<section class=\"elementor-section elementor-top-section elementor-element elementor-element-a59f904 elementor-section-boxed elementor-section-height-default elementor-section-height-default\" data-id=\"a59f904\" data-element_type=\"section\">\n\t\t\t\t\t\t<div class=\"elementor-container elementor-column-gap-default\">\n\t\t\t\t\t<div class=\"elementor-column elementor-col-100 elementor-top-column elementor-element elementor-element-76e9a10\" data-id=\"76e9a10\" data-element_type=\"column\">\n\t\t\t<div class=\"elementor-widget-wrap elementor-element-populated\">\n\t\t\t\t\t\t<div class=\"elementor-element elementor-element-df34361 elementor-widget elementor-widget-heading\" data-id=\"df34361\" data-element_type=\"widget\" data-widget_type=\"heading.default\">\n\t\t\t\t<div class=\"elementor-widget-container\">\n\t\t\t\t\t<h1 class=\"elementor-heading-title elementor-size-default\">Proyectos<\/h1>\t\t\t\t<\/div>\n\t\t\t\t<\/div>\n\t\t\t\t\t<\/div>\n\t\t<\/div>\n\t\t\t\t\t<\/div>\n\t\t<\/section>\n\t\t\t\t<section class=\"elementor-section elementor-top-section elementor-element elementor-element-e718027 elementor-hidden-desktop elementor-hidden-tablet elementor-hidden-phone elementor-section-boxed elementor-section-height-default elementor-section-height-default\" data-id=\"e718027\" data-element_type=\"section\">\n\t\t\t\t\t\t<div class=\"elementor-container elementor-column-gap-default\">\n\t\t\t\t\t<div class=\"elementor-column elementor-col-100 elementor-top-column elementor-element elementor-element-b5397a1\" data-id=\"b5397a1\" data-element_type=\"column\">\n\t\t\t<div class=\"elementor-widget-wrap elementor-element-populated\">\n\t\t\t\t\t\t<div class=\"elementor-element elementor-element-0902843 elementor-grid-3 elementor-grid-tablet-2 elementor-grid-mobile-1 elementor-widget elementor-widget-portfolio\" data-id=\"0902843\" data-element_type=\"widget\" data-settings=\"{&quot;masonry&quot;:&quot;yes&quot;,&quot;columns&quot;:&quot;3&quot;,&quot;columns_tablet&quot;:&quot;2&quot;,&quot;columns_mobile&quot;:&quot;1&quot;,&quot;item_gap&quot;:{&quot;unit&quot;:&quot;px&quot;,&quot;size&quot;:&quot;&quot;,&quot;sizes&quot;:[]},&quot;row_gap&quot;:{&quot;unit&quot;:&quot;px&quot;,&quot;size&quot;:&quot;&quot;,&quot;sizes&quot;:[]}}\" data-widget_type=\"portfolio.default\">\n\t\t\t\t<div class=\"elementor-widget-container\">\n\t\t\t\t\t\t\t<div class=\"elementor-portfolio elementor-grid elementor-posts-container\" role=\"list\">\n\t\t\t\t<article class=\"type-post hentry\" role=\"listitem\">\n\t\t\t<a class=\"elementor-post__thumbnail__link\" href=\"https:\/\/huetearquitectos.com\/en\/concurso-de-ideas-casa-maria-barrabino-2\/\">\n\t\t\t\t<div class=\"elementor-portfolio-item__img elementor-post__thumbnail\">\n\t\t\t<img fetchpriority=\"high\" decoding=\"async\" width=\"300\" height=\"210\" src=\"https:\/\/huetearquitectos.com\/wp-content\/uploads\/2024\/07\/exterior-noche-BAJA-300x210.jpg\" class=\"attachment-medium size-medium wp-image-10642\" alt=\"\" srcset=\"https:\/\/huetearquitectos.com\/wp-content\/uploads\/2024\/07\/exterior-noche-BAJA-300x210.jpg 300w, https:\/\/huetearquitectos.com\/wp-content\/uploads\/2024\/07\/exterior-noche-BAJA-768x538.jpg 768w, https:\/\/huetearquitectos.com\/wp-content\/uploads\/2024\/07\/exterior-noche-BAJA-1536x1076.jpg 1536w, https:\/\/huetearquitectos.com\/wp-content\/uploads\/2024\/07\/exterior-noche-BAJA-2048x1435.jpg 2048w\" sizes=\"(max-width: 300px) 100vw, 300px\" \/>\t\t<\/div>\n\t\t\t\t<div class=\"elementor-portfolio-item__overlay\">\n\t\t\t\t<h2 class=\"elementor-portfolio-item__title\">\n\t\tConcurso de ideas Casa Mar\u00eda Barrabino\t\t<\/h2>\n\t\t\t\t<\/div>\n\t\t\t\t<\/a>\n\t\t<\/article>\n\t\t\t\t<article class=\"type-post hentry\" role=\"listitem\">\n\t\t\t<a class=\"elementor-post__thumbnail__link\" href=\"https:\/\/huetearquitectos.com\/en\/bienvenidos-a-la-nueva-web-de-huete-arquitectos\/\">\n\t\t\t\t<div class=\"elementor-portfolio-item__img elementor-post__thumbnail\">\n\t\t\t<img decoding=\"async\" width=\"300\" height=\"185\" src=\"https:\/\/huetearquitectos.com\/wp-content\/uploads\/2021\/09\/Nueva_web_Huete_Arquitectos-300x185.jpg\" class=\"attachment-medium size-medium wp-image-8178\" alt=\"\" srcset=\"https:\/\/huetearquitectos.com\/wp-content\/uploads\/2021\/09\/Nueva_web_Huete_Arquitectos-300x185.jpg 300w, https:\/\/huetearquitectos.com\/wp-content\/uploads\/2021\/09\/Nueva_web_Huete_Arquitectos-768x474.jpg 768w, https:\/\/huetearquitectos.com\/wp-content\/uploads\/2021\/09\/Nueva_web_Huete_Arquitectos.jpg 1342w\" sizes=\"(max-width: 300px) 100vw, 300px\" \/>\t\t<\/div>\n\t\t\t\t<div class=\"elementor-portfolio-item__overlay\">\n\t\t\t\t<h2 class=\"elementor-portfolio-item__title\">\n\t\t\u00a1Bienvenidos a la Nueva web de Huete Arquitectos!\t\t<\/h2>\n\t\t\t\t<\/div>\n\t\t\t\t<\/a>\n\t\t<\/article>\n\t\t\t\t<article class=\"type-post hentry\" role=\"listitem\">\n\t\t\t<a class=\"elementor-post__thumbnail__link\" href=\"https:\/\/huetearquitectos.com\/en\/direccion-facultativa-la-obra-las-obras-la-plaza-mirador-jefatura-policia-aparcamientos\/\">\n\t\t\t\t<div class=\"elementor-portfolio-item__img elementor-post__thumbnail\">\n\t\t\t<img decoding=\"async\" width=\"300\" height=\"164\" src=\"https:\/\/huetearquitectos.com\/wp-content\/uploads\/2021\/09\/JEFATURA-BENAHAVIS-2-300x164.jpg\" class=\"attachment-medium size-medium wp-image-8090\" alt=\"\" srcset=\"https:\/\/huetearquitectos.com\/wp-content\/uploads\/2021\/09\/JEFATURA-BENAHAVIS-2-300x164.jpg 300w, https:\/\/huetearquitectos.com\/wp-content\/uploads\/2021\/09\/JEFATURA-BENAHAVIS-2-768x420.jpg 768w, https:\/\/huetearquitectos.com\/wp-content\/uploads\/2021\/09\/JEFATURA-BENAHAVIS-2.jpg 1280w\" sizes=\"(max-width: 300px) 100vw, 300px\" \/>\t\t<\/div>\n\t\t\t\t<div class=\"elementor-portfolio-item__overlay\">\n\t\t\t\t<h2 class=\"elementor-portfolio-item__title\">\n\t\tDirecci\u00f3n Facultativa de la obra de las obras de la  plaza mirador, jefatura de polic\u00eda, aparcamientos\t\t<\/h2>\n\t\t\t\t<\/div>\n\t\t\t\t<\/a>\n\t\t<\/article>\n\t\t\t\t<article class=\"type-post hentry\" role=\"listitem\">\n\t\t\t<a class=\"elementor-post__thumbnail__link\" href=\"https:\/\/huetearquitectos.com\/en\/adjudicacion-contrato-servicio-redaccion-proyecto-direccion-obra-direccion-ejecucion-del-proyecto-escuela-municipal-musica-danza-san-pedro-alcantara-marbella\/\">\n\t\t\t\t<div class=\"elementor-portfolio-item__img elementor-post__thumbnail\">\n\t\t\t<img loading=\"lazy\" decoding=\"async\" width=\"300\" height=\"164\" src=\"https:\/\/huetearquitectos.com\/wp-content\/uploads\/2021\/09\/ESCUELA-DE-DANZA-300x164.jpg\" class=\"attachment-medium size-medium wp-image-8082\" alt=\"\" srcset=\"https:\/\/huetearquitectos.com\/wp-content\/uploads\/2021\/09\/ESCUELA-DE-DANZA-300x164.jpg 300w, https:\/\/huetearquitectos.com\/wp-content\/uploads\/2021\/09\/ESCUELA-DE-DANZA-768x420.jpg 768w, https:\/\/huetearquitectos.com\/wp-content\/uploads\/2021\/09\/ESCUELA-DE-DANZA.jpg 1280w\" sizes=\"(max-width: 300px) 100vw, 300px\" \/>\t\t<\/div>\n\t\t\t\t<div class=\"elementor-portfolio-item__overlay\">\n\t\t\t\t<h2 class=\"elementor-portfolio-item__title\">\n\t\tAdjudicaci\u00f3n contrato servicio de &#8220;Redacci\u00f3n de proyecto, direcci\u00f3n de obra y direcci\u00f3n de ejecuci\u00f3n del proyecto de escuela municipal de m\u00fasica y danza de San Pedro Alc\u00e1ntara (Marbella).\t\t<\/h2>\n\t\t\t\t<\/div>\n\t\t\t\t<\/a>\n\t\t<\/article>\n\t\t\t\t<article class=\"type-post hentry\" role=\"listitem\">\n\t\t\t<a class=\"elementor-post__thumbnail__link\" href=\"https:\/\/huetearquitectos.com\/en\/villa-santa-ponca\/\">\n\t\t\t\t<div class=\"elementor-portfolio-item__img elementor-post__thumbnail\">\n\t\t\t<img loading=\"lazy\" decoding=\"async\" width=\"300\" height=\"164\" src=\"https:\/\/huetearquitectos.com\/wp-content\/uploads\/2021\/09\/Villa-Santa-Ponca-300x164.jpg\" class=\"attachment-medium size-medium wp-image-8108\" alt=\"\" srcset=\"https:\/\/huetearquitectos.com\/wp-content\/uploads\/2021\/09\/Villa-Santa-Ponca-300x164.jpg 300w, https:\/\/huetearquitectos.com\/wp-content\/uploads\/2021\/09\/Villa-Santa-Ponca-768x420.jpg 768w, https:\/\/huetearquitectos.com\/wp-content\/uploads\/2021\/09\/Villa-Santa-Ponca.jpg 1280w\" sizes=\"(max-width: 300px) 100vw, 300px\" \/>\t\t<\/div>\n\t\t\t\t<div class=\"elementor-portfolio-item__overlay\">\n\t\t\t\t<h2 class=\"elementor-portfolio-item__title\">\n\t\tVilla Santa Pon\u00e7a\t\t<\/h2>\n\t\t\t\t<\/div>\n\t\t\t\t<\/a>\n\t\t<\/article>\n\t\t\t\t<article class=\"type-post hentry\" role=\"listitem\">\n\t\t\t<a class=\"elementor-post__thumbnail__link\" href=\"https:\/\/huetearquitectos.com\/en\/piso-piloto-banus-bay\/\">\n\t\t\t\t<div class=\"elementor-portfolio-item__img elementor-post__thumbnail\">\n\t\t\t<img loading=\"lazy\" decoding=\"async\" width=\"300\" height=\"164\" src=\"https:\/\/huetearquitectos.com\/wp-content\/uploads\/2021\/09\/BANUS-BAY-2-300x164.jpg\" class=\"attachment-medium size-medium wp-image-8028\" alt=\"\" srcset=\"https:\/\/huetearquitectos.com\/wp-content\/uploads\/2021\/09\/BANUS-BAY-2-300x164.jpg 300w, https:\/\/huetearquitectos.com\/wp-content\/uploads\/2021\/09\/BANUS-BAY-2-768x420.jpg 768w, https:\/\/huetearquitectos.com\/wp-content\/uploads\/2021\/09\/BANUS-BAY-2.jpg 1280w\" sizes=\"(max-width: 300px) 100vw, 300px\" \/>\t\t<\/div>\n\t\t\t\t<div class=\"elementor-portfolio-item__overlay\">\n\t\t\t\t<h2 class=\"elementor-portfolio-item__title\">\n\t\tPiso piloto BANUS BAY\t\t<\/h2>\n\t\t\t\t<\/div>\n\t\t\t\t<\/a>\n\t\t<\/article>\n\t\t\t\t<\/div>\n\t\t\t\t\t\t<\/div>\n\t\t\t\t<\/div>\n\t\t\t\t\t<\/div>\n\t\t<\/div>\n\t\t\t\t\t<\/div>\n\t\t<\/section>\n\t\t\t\t<\/div>\n\t\t","protected":false},"excerpt":{"rendered":"","protected":false},"author":2,"featured_media":0,"parent":0,"menu_order":0,"comment_status":"closed","ping_status":"closed","template":"template-projects.php","meta":{"_acf_changed":false,"footnotes":""},"class_list":{"4":"hentry"},"acf":[],"yoast_head":"<!-- This site is optimized with the Yoast SEO plugin v26.7 - https:\/\/yoast.com\/wordpress\/plugins\/seo\/ -->\n<title>Architectural projects - Huete Arquitectos<\/title>\n<meta name=\"description\" content=\"Architecture projects of the highest level and quality in all types of sectors: Hotel, Residential, Urban and Singular.\" \/>\n<meta name=\"robots\" content=\"index, follow, max-snippet:-1, max-image-preview:large, max-video-preview:-1\" \/>\n<link rel=\"canonical\" href=\"https:\/\/huetearquitectos.com\/en\/projects\/\" \/>\n<meta property=\"og:locale\" content=\"en_US\" \/>\n<meta property=\"og:type\" content=\"article\" \/>\n<meta property=\"og:title\" content=\"Architectural projects - Huete Arquitectos\" \/>\n<meta property=\"og:description\" content=\"Architecture projects of the highest level and quality in all types of sectors: Hotel, Residential, Urban and Singular.\" \/>\n<meta property=\"og:url\" content=\"https:\/\/huetearquitectos.com\/en\/projects\/\" \/>\n<meta property=\"og:site_name\" content=\"Huete Arquitectos\" \/>\n<meta property=\"article:modified_time\" content=\"2021-12-16T11:35:57+00:00\" \/>\n<meta name=\"twitter:card\" content=\"summary_large_image\" \/>\n<script type=\"application\/ld+json\" class=\"yoast-schema-graph\">{\"@context\":\"https:\/\/schema.org\",\"@graph\":[{\"@type\":\"WebPage\",\"@id\":\"https:\/\/huetearquitectos.com\/en\/projects\/\",\"url\":\"https:\/\/huetearquitectos.com\/en\/projects\/\",\"name\":\"Architectural projects - Huete Arquitectos\",\"isPartOf\":{\"@id\":\"https:\/\/huetearquitectos.com\/en\/#website\"},\"datePublished\":\"2021-06-25T08:20:40+00:00\",\"dateModified\":\"2021-12-16T11:35:57+00:00\",\"description\":\"Architecture projects of the highest level and quality in all types of sectors: Hotel, Residential, Urban and Singular.\",\"breadcrumb\":{\"@id\":\"https:\/\/huetearquitectos.com\/en\/projects\/#breadcrumb\"},\"inLanguage\":\"en-US\",\"potentialAction\":[{\"@type\":\"ReadAction\",\"target\":[\"https:\/\/huetearquitectos.com\/en\/projects\/\"]}]},{\"@type\":\"BreadcrumbList\",\"@id\":\"https:\/\/huetearquitectos.com\/en\/projects\/#breadcrumb\",\"itemListElement\":[{\"@type\":\"ListItem\",\"position\":1,\"name\":\"Portada\",\"item\":\"https:\/\/huetearquitectos.com\/en\/\"},{\"@type\":\"ListItem\",\"position\":2,\"name\":\"Projects\"}]},{\"@type\":\"WebSite\",\"@id\":\"https:\/\/huetearquitectos.com\/en\/#website\",\"url\":\"https:\/\/huetearquitectos.com\/en\/\",\"name\":\"Huete Arquitectos\",\"description\":\"\",\"publisher\":{\"@id\":\"https:\/\/huetearquitectos.com\/en\/#organization\"},\"potentialAction\":[{\"@type\":\"SearchAction\",\"target\":{\"@type\":\"EntryPoint\",\"urlTemplate\":\"https:\/\/huetearquitectos.com\/en\/?s={search_term_string}\"},\"query-input\":{\"@type\":\"PropertyValueSpecification\",\"valueRequired\":true,\"valueName\":\"search_term_string\"}}],\"inLanguage\":\"en-US\"},{\"@type\":\"Organization\",\"@id\":\"https:\/\/huetearquitectos.com\/en\/#organization\",\"name\":\"Huete Arquitectos\",\"url\":\"https:\/\/huetearquitectos.com\/en\/\",\"logo\":{\"@type\":\"ImageObject\",\"inLanguage\":\"en-US\",\"@id\":\"https:\/\/huetearquitectos.com\/en\/#\/schema\/logo\/image\/\",\"url\":\"https:\/\/huetearquitectos.com\/wp-content\/uploads\/2021\/06\/logo-huete-nuevo-definitivo.svg\",\"contentUrl\":\"https:\/\/huetearquitectos.com\/wp-content\/uploads\/2021\/06\/logo-huete-nuevo-definitivo.svg\",\"width\":200,\"height\":32,\"caption\":\"Huete Arquitectos\"},\"image\":{\"@id\":\"https:\/\/huetearquitectos.com\/en\/#\/schema\/logo\/image\/\"}}]}<\/script>\n<!-- \/ Yoast SEO plugin. -->","yoast_head_json":{"title":"Architectural projects - Huete Arquitectos","description":"Architecture projects of the highest level and quality in all types of sectors: Hotel, Residential, Urban and Singular.","robots":{"index":"index","follow":"follow","max-snippet":"max-snippet:-1","max-image-preview":"max-image-preview:large","max-video-preview":"max-video-preview:-1"},"canonical":"https:\/\/huetearquitectos.com\/en\/projects\/","og_locale":"en_US","og_type":"article","og_title":"Architectural projects - Huete Arquitectos","og_description":"Architecture projects of the highest level and quality in all types of sectors: Hotel, Residential, Urban and Singular.","og_url":"https:\/\/huetearquitectos.com\/en\/projects\/","og_site_name":"Huete Arquitectos","article_modified_time":"2021-12-16T11:35:57+00:00","twitter_card":"summary_large_image","schema":{"@context":"https:\/\/schema.org","@graph":[{"@type":"WebPage","@id":"https:\/\/huetearquitectos.com\/en\/projects\/","url":"https:\/\/huetearquitectos.com\/en\/projects\/","name":"Architectural projects - Huete Arquitectos","isPartOf":{"@id":"https:\/\/huetearquitectos.com\/en\/#website"},"datePublished":"2021-06-25T08:20:40+00:00","dateModified":"2021-12-16T11:35:57+00:00","description":"Architecture projects of the highest level and quality in all types of sectors: Hotel, Residential, Urban and Singular.","breadcrumb":{"@id":"https:\/\/huetearquitectos.com\/en\/projects\/#breadcrumb"},"inLanguage":"en-US","potentialAction":[{"@type":"ReadAction","target":["https:\/\/huetearquitectos.com\/en\/projects\/"]}]},{"@type":"BreadcrumbList","@id":"https:\/\/huetearquitectos.com\/en\/projects\/#breadcrumb","itemListElement":[{"@type":"ListItem","position":1,"name":"Portada","item":"https:\/\/huetearquitectos.com\/en\/"},{"@type":"ListItem","position":2,"name":"Projects"}]},{"@type":"WebSite","@id":"https:\/\/huetearquitectos.com\/en\/#website","url":"https:\/\/huetearquitectos.com\/en\/","name":"Huete Arquitectos","description":"","publisher":{"@id":"https:\/\/huetearquitectos.com\/en\/#organization"},"potentialAction":[{"@type":"SearchAction","target":{"@type":"EntryPoint","urlTemplate":"https:\/\/huetearquitectos.com\/en\/?s={search_term_string}"},"query-input":{"@type":"PropertyValueSpecification","valueRequired":true,"valueName":"search_term_string"}}],"inLanguage":"en-US"},{"@type":"Organization","@id":"https:\/\/huetearquitectos.com\/en\/#organization","name":"Huete Arquitectos","url":"https:\/\/huetearquitectos.com\/en\/","logo":{"@type":"ImageObject","inLanguage":"en-US","@id":"https:\/\/huetearquitectos.com\/en\/#\/schema\/logo\/image\/","url":"https:\/\/huetearquitectos.com\/wp-content\/uploads\/2021\/06\/logo-huete-nuevo-definitivo.svg","contentUrl":"https:\/\/huetearquitectos.com\/wp-content\/uploads\/2021\/06\/logo-huete-nuevo-definitivo.svg","width":200,"height":32,"caption":"Huete Arquitectos"},"image":{"@id":"https:\/\/huetearquitectos.com\/en\/#\/schema\/logo\/image\/"}}]}},"_links":{"self":[{"href":"https:\/\/huetearquitectos.com\/en\/wp-json\/wp\/v2\/pages\/8230","targetHints":{"allow":["GET"]}}],"collection":[{"href":"https:\/\/huetearquitectos.com\/en\/wp-json\/wp\/v2\/pages"}],"about":[{"href":"https:\/\/huetearquitectos.com\/en\/wp-json\/wp\/v2\/types\/page"}],"author":[{"embeddable":true,"href":"https:\/\/huetearquitectos.com\/en\/wp-json\/wp\/v2\/users\/2"}],"replies":[{"embeddable":true,"href":"https:\/\/huetearquitectos.com\/en\/wp-json\/wp\/v2\/comments?post=8230"}],"version-history":[{"count":0,"href":"https:\/\/huetearquitectos.com\/en\/wp-json\/wp\/v2\/pages\/8230\/revisions"}],"wp:attachment":[{"href":"https:\/\/huetearquitectos.com\/en\/wp-json\/wp\/v2\/media?parent=8230"}],"curies":[{"name":"wp","href":"https:\/\/api.w.org\/{rel}","templated":true}]}}