{"id":8387,"date":"2021-06-25T10:28:00","date_gmt":"2021-06-25T08:28:00","guid":{"rendered":"https:\/\/huetearquitectos.com\/aviso-legal\/"},"modified":"2021-12-10T13:18:10","modified_gmt":"2021-12-10T11:18:10","slug":"legal-advice","status":"publish","type":"page","link":"https:\/\/huetearquitectos.com\/en\/legal-advice\/","title":{"rendered":"Legal Advice"},"content":{"rendered":"\t\t<div data-elementor-type=\"wp-page\" data-elementor-id=\"8387\" class=\"elementor elementor-8387 elementor-1751\" data-elementor-post-type=\"page\">\n\t\t\t\t\t\t<section class=\"elementor-section elementor-top-section elementor-element elementor-element-d58641a elementor-section-boxed elementor-section-height-default elementor-section-height-default\" data-id=\"d58641a\" data-element_type=\"section\" data-e-type=\"section\">\n\t\t\t\t\t\t<div class=\"elementor-container elementor-column-gap-default\">\n\t\t\t\t\t<div class=\"elementor-column elementor-col-100 elementor-top-column elementor-element elementor-element-9d33efb\" data-id=\"9d33efb\" data-element_type=\"column\" data-e-type=\"column\">\n\t\t\t<div class=\"elementor-widget-wrap elementor-element-populated\">\n\t\t\t\t\t\t<div class=\"elementor-element elementor-element-58a32e2 elementor-widget elementor-widget-heading\" data-id=\"58a32e2\" data-element_type=\"widget\" data-e-type=\"widget\" data-widget_type=\"heading.default\">\n\t\t\t\t<div class=\"elementor-widget-container\">\n\t\t\t\t\t<h1 class=\"elementor-heading-title elementor-size-default\">Legal advice<\/h1>\t\t\t\t<\/div>\n\t\t\t\t<\/div>\n\t\t\t\t\t<\/div>\n\t\t<\/div>\n\t\t\t\t\t<\/div>\n\t\t<\/section>\n\t\t\t\t<section class=\"elementor-section elementor-top-section elementor-element elementor-element-5dbbc33 elementor-section-boxed elementor-section-height-default elementor-section-height-default\" data-id=\"5dbbc33\" data-element_type=\"section\" data-e-type=\"section\">\n\t\t\t\t\t\t<div class=\"elementor-container elementor-column-gap-default\">\n\t\t\t\t\t<div class=\"elementor-column elementor-col-100 elementor-top-column elementor-element elementor-element-8450b10\" data-id=\"8450b10\" data-element_type=\"column\" data-e-type=\"column\">\n\t\t\t<div class=\"elementor-widget-wrap elementor-element-populated\">\n\t\t\t\t\t\t<div class=\"elementor-element elementor-element-70a4044 elementor-widget elementor-widget-text-editor\" data-id=\"70a4044\" data-element_type=\"widget\" data-e-type=\"widget\" data-widget_type=\"text-editor.default\">\n\t\t\t\t<div class=\"elementor-widget-container\">\n\t\t\t\t\t\t\t\t\t<h2>Identificaci\u00f3n<\/h2><p>En cumplimiento con el deber de informaci\u00f3n recogido en art\u00edculo 10 de la Ley 34\/2002, de 11 de julio, de Servicios de la Sociedad de la Informaci\u00f3n y del Comercio Electr\u00f3nico, HUETE ARQUITECTOS, S.L., le informa que los datos aqu\u00ed consignados corresponden a la entidad titular del sitio web www.huetearquitectos.com.\u00a0<\/p><p><strong>Denominaci\u00f3n:<\/strong> HUETE ARQUITECTOS, S.L.<br \/><strong>Domicilio:<\/strong> Urb. El Saladillo, Edificio Altair, Oficina 105<br \/><strong>Tel\u00e9fono:<\/strong> 952798010<br \/><strong>Email:<\/strong> <a href=\"mailto:info@huetearquitectos.com\">info@huetearquitectos.com<\/a><br \/><strong>CIF:<\/strong> B92260561<br \/><strong>Inscripci\u00f3n registral:<\/strong> Hoja MA-50300 Tomo 2838 Folio 74<\/p><h2>Propiedad intelectual e industrial<\/h2><p>Todos los derechos de Propiedad Industrial e Intelectual de la totalidad de elementos contenidos en este sitio web, incluidas las marcas comerciales, formatos, dise\u00f1os gr\u00e1ficos, textos, im\u00e1genes y documentos, pertenecen a HUETE ARQUITECTOS, S.L. y se encuentran protegidos por las leyes espa\u00f1olas e internacionales sobre propiedad Intelectual e Industrial. Queda expresamente prohibida la reproducci\u00f3n total o parcial de este sitio Web y de cualquiera de sus contenidos sin el permiso expreso y por escrito de HUETE ARQUITECTOS, S.L.<\/p><p>El acceso al sitio web no implica ning\u00fan tipo de renuncia, transmisi\u00f3n, licencia o cesi\u00f3n de dichos derechos por parte de HUETE ARQUITECTOS, S.L., salvo que se establezca expresamente lo contrario.<\/p><h2>Condiciones de uso<\/h2><p>El acceso a este sitio Web implica la aceptaci\u00f3n de estas condiciones de uso sin reservas que regulan el acceso y la utilizaci\u00f3n de este con el fin de poner a disposici\u00f3n de los usuarios informaci\u00f3n sobre nuestros productos y servicios.<\/p><p>Se proh\u00edbe expresamente la utilizaci\u00f3n de los contenidos de este sitio Web con fines comerciales o para su distribuci\u00f3n, transformaci\u00f3n o comunicaci\u00f3n.<\/p><p>HUETE ARQUITECTOS, S.L., no responder\u00e1 de ninguna consecuencia, da\u00f1o o perjuicio que pudieran derivarse de dicha utilizaci\u00f3n o uso de la informaci\u00f3n.<\/p><p>Tanto el acceso a esta Web como el uso que pueda hacerse de la informaci\u00f3n contenida en la misma es de la exclusiva responsabilidad de quien lo realiza.<\/p><p>HUETE ARQUITECTOS, S.L. se reserva el derecho a modificar los contenidos de la oferta comercial de los productos cuando lo estime oportuno y a mantener su contenido actualizado.<\/p><p>El usuario se obliga a no utilizar la informaci\u00f3n que se publica en esta Web con fines o efectos il\u00edcitos o lesivos, a no da\u00f1ar o inutilizar la informaci\u00f3n y a no realizar cualquier otra acci\u00f3n que puedan ser contraria al contenido de este Aviso Legal.<\/p><p>HUETE ARQUITECTOS, S.L. no puede asegurar la inexistencia de interrupciones o errores en el acceso a este sitio Web, aunque pondr\u00e1 sus mayores esfuerzos para evitarlos.<\/p><h2>Enlaces a otras Webs<\/h2><p>Los enlaces (links) que puede encontrar en esta Web son un servicio a los usuarios. Estas p\u00e1ginas no son operadas ni controladas por HUETE ARQUITECTOS, S.L., por ello, no se hace responsable de los contenidos de esos sitios Web ni est\u00e1n cubiertas por el presente Aviso Legal. Si accede a estas p\u00e1ginas Webs deber\u00e1 tener en cuenta que sus pol\u00edticas de privacidad pueden ser diferentes a la nuestra.<\/p><h2>Legislaci\u00f3n aplicable y competencia jurisdiccional<\/h2><p>El presente Aviso Legal se rige por la normativa espa\u00f1ola vigente que le es de aplicaci\u00f3n.<\/p><p>Para la resoluci\u00f3n de las controversias que pudieran derivarse como consecuencia de lo dispuesto en las presentes disposiciones y sobre su interpretaci\u00f3n, aplicaci\u00f3n y cumplimiento, el usuario, en virtud de la aceptaci\u00f3n de las condiciones recogidas en este Aviso legal, renuncia expresamente a cualquier otro fuero que pudiera corresponderle.<\/p><p>En cualquier caso, dentro de la jurisdicci\u00f3n espa\u00f1ola, si la legislaci\u00f3n permitiese someterse a un fuero en concreto, el usuario renuncia expresamente al fuero que pudiera corresponderle y se somete voluntariamente a la jurisdicci\u00f3n de los Juzgados y Tribunales de Estepona.<\/p>\t\t\t\t\t\t\t\t<\/div>\n\t\t\t\t<\/div>\n\t\t\t\t\t<\/div>\n\t\t<\/div>\n\t\t\t\t\t<\/div>\n\t\t<\/section>\n\t\t\t\t<\/div>\n\t\t","protected":false},"excerpt":{"rendered":"<p>Legal advice Identificaci\u00f3n En cumplimiento con el deber de informaci\u00f3n recogido en art\u00edculo 10 de la Ley 34\/2002, de 11 de julio, de Servicios de la Sociedad de la Informaci\u00f3n y del Comercio Electr\u00f3nico, HUETE ARQUITECTOS, S.L., le informa que los datos aqu\u00ed consignados corresponden a la entidad titular del sitio web www.huetearquitectos.com. Denominaci\u00f3n: HUETE&hellip;<\/p>\n","protected":false},"author":2,"featured_media":0,"parent":0,"menu_order":0,"comment_status":"closed","ping_status":"closed","template":"elementor_theme","meta":{"_acf_changed":false,"footnotes":""},"class_list":{"2":"type-page","4":"hentry"},"acf":[],"yoast_head":"<!-- This site is optimized with the Yoast SEO plugin v27.4 - https:\/\/yoast.com\/product\/yoast-seo-wordpress\/ -->\n<title>Legal Advice - Huete Arquitectos<\/title>\n<meta name=\"description\" content=\"Aviso Legal web de Arquitectura y Urbanismo Huete Arquitectos.\" \/>\n<meta name=\"robots\" content=\"index, follow, max-snippet:-1, max-image-preview:large, max-video-preview:-1\" \/>\n<link rel=\"canonical\" href=\"https:\/\/huetearquitectos.com\/en\/legal-advice\/\" \/>\n<meta property=\"og:locale\" content=\"en_US\" \/>\n<meta property=\"og:type\" content=\"article\" \/>\n<meta property=\"og:title\" content=\"Legal Advice - Huete Arquitectos\" \/>\n<meta property=\"og:description\" content=\"Aviso Legal web de Arquitectura y Urbanismo Huete Arquitectos.\" \/>\n<meta property=\"og:url\" content=\"https:\/\/huetearquitectos.com\/en\/legal-advice\/\" \/>\n<meta property=\"og:site_name\" content=\"Huete Arquitectos\" \/>\n<meta property=\"article:modified_time\" content=\"2021-12-10T11:18:10+00:00\" \/>\n<meta name=\"twitter:card\" content=\"summary_large_image\" \/>\n<meta name=\"twitter:label1\" content=\"Est. reading time\" \/>\n\t<meta name=\"twitter:data1\" content=\"3 minutes\" \/>\n<script type=\"application\/ld+json\" class=\"yoast-schema-graph\">{\"@context\":\"https:\\\/\\\/schema.org\",\"@graph\":[{\"@type\":\"WebPage\",\"@id\":\"https:\\\/\\\/huetearquitectos.com\\\/en\\\/legal-advice\\\/\",\"url\":\"https:\\\/\\\/huetearquitectos.com\\\/en\\\/legal-advice\\\/\",\"name\":\"Legal Advice - Huete Arquitectos\",\"isPartOf\":{\"@id\":\"https:\\\/\\\/huetearquitectos.com\\\/en\\\/#website\"},\"datePublished\":\"2021-06-25T08:28:00+00:00\",\"dateModified\":\"2021-12-10T11:18:10+00:00\",\"description\":\"Aviso Legal web de Arquitectura y Urbanismo Huete Arquitectos.\",\"breadcrumb\":{\"@id\":\"https:\\\/\\\/huetearquitectos.com\\\/en\\\/legal-advice\\\/#breadcrumb\"},\"inLanguage\":\"en-US\",\"potentialAction\":[{\"@type\":\"ReadAction\",\"target\":[\"https:\\\/\\\/huetearquitectos.com\\\/en\\\/legal-advice\\\/\"]}]},{\"@type\":\"BreadcrumbList\",\"@id\":\"https:\\\/\\\/huetearquitectos.com\\\/en\\\/legal-advice\\\/#breadcrumb\",\"itemListElement\":[{\"@type\":\"ListItem\",\"position\":1,\"name\":\"Portada\",\"item\":\"https:\\\/\\\/huetearquitectos.com\\\/en\\\/\"},{\"@type\":\"ListItem\",\"position\":2,\"name\":\"Legal Advice\"}]},{\"@type\":\"WebSite\",\"@id\":\"https:\\\/\\\/huetearquitectos.com\\\/en\\\/#website\",\"url\":\"https:\\\/\\\/huetearquitectos.com\\\/en\\\/\",\"name\":\"Huete Arquitectos\",\"description\":\"\",\"publisher\":{\"@id\":\"https:\\\/\\\/huetearquitectos.com\\\/en\\\/#organization\"},\"potentialAction\":[{\"@type\":\"SearchAction\",\"target\":{\"@type\":\"EntryPoint\",\"urlTemplate\":\"https:\\\/\\\/huetearquitectos.com\\\/en\\\/?s={search_term_string}\"},\"query-input\":{\"@type\":\"PropertyValueSpecification\",\"valueRequired\":true,\"valueName\":\"search_term_string\"}}],\"inLanguage\":\"en-US\"},{\"@type\":\"Organization\",\"@id\":\"https:\\\/\\\/huetearquitectos.com\\\/en\\\/#organization\",\"name\":\"Huete Arquitectos\",\"url\":\"https:\\\/\\\/huetearquitectos.com\\\/en\\\/\",\"logo\":{\"@type\":\"ImageObject\",\"inLanguage\":\"en-US\",\"@id\":\"https:\\\/\\\/huetearquitectos.com\\\/en\\\/#\\\/schema\\\/logo\\\/image\\\/\",\"url\":\"https:\\\/\\\/huetearquitectos.com\\\/wp-content\\\/uploads\\\/2021\\\/06\\\/logo-huete-nuevo-definitivo.svg\",\"contentUrl\":\"https:\\\/\\\/huetearquitectos.com\\\/wp-content\\\/uploads\\\/2021\\\/06\\\/logo-huete-nuevo-definitivo.svg\",\"width\":200,\"height\":32,\"caption\":\"Huete Arquitectos\"},\"image\":{\"@id\":\"https:\\\/\\\/huetearquitectos.com\\\/en\\\/#\\\/schema\\\/logo\\\/image\\\/\"}}]}<\/script>\n<!-- \/ Yoast SEO plugin. -->","yoast_head_json":{"title":"Legal Advice - Huete Arquitectos","description":"Aviso Legal web de Arquitectura y Urbanismo Huete Arquitectos.","robots":{"index":"index","follow":"follow","max-snippet":"max-snippet:-1","max-image-preview":"max-image-preview:large","max-video-preview":"max-video-preview:-1"},"canonical":"https:\/\/huetearquitectos.com\/en\/legal-advice\/","og_locale":"en_US","og_type":"article","og_title":"Legal Advice - Huete Arquitectos","og_description":"Aviso Legal web de Arquitectura y Urbanismo Huete Arquitectos.","og_url":"https:\/\/huetearquitectos.com\/en\/legal-advice\/","og_site_name":"Huete Arquitectos","article_modified_time":"2021-12-10T11:18:10+00:00","twitter_card":"summary_large_image","twitter_misc":{"Est. reading time":"3 minutes"},"schema":{"@context":"https:\/\/schema.org","@graph":[{"@type":"WebPage","@id":"https:\/\/huetearquitectos.com\/en\/legal-advice\/","url":"https:\/\/huetearquitectos.com\/en\/legal-advice\/","name":"Legal Advice - Huete Arquitectos","isPartOf":{"@id":"https:\/\/huetearquitectos.com\/en\/#website"},"datePublished":"2021-06-25T08:28:00+00:00","dateModified":"2021-12-10T11:18:10+00:00","description":"Aviso Legal web de Arquitectura y Urbanismo Huete Arquitectos.","breadcrumb":{"@id":"https:\/\/huetearquitectos.com\/en\/legal-advice\/#breadcrumb"},"inLanguage":"en-US","potentialAction":[{"@type":"ReadAction","target":["https:\/\/huetearquitectos.com\/en\/legal-advice\/"]}]},{"@type":"BreadcrumbList","@id":"https:\/\/huetearquitectos.com\/en\/legal-advice\/#breadcrumb","itemListElement":[{"@type":"ListItem","position":1,"name":"Portada","item":"https:\/\/huetearquitectos.com\/en\/"},{"@type":"ListItem","position":2,"name":"Legal Advice"}]},{"@type":"WebSite","@id":"https:\/\/huetearquitectos.com\/en\/#website","url":"https:\/\/huetearquitectos.com\/en\/","name":"Huete Arquitectos","description":"","publisher":{"@id":"https:\/\/huetearquitectos.com\/en\/#organization"},"potentialAction":[{"@type":"SearchAction","target":{"@type":"EntryPoint","urlTemplate":"https:\/\/huetearquitectos.com\/en\/?s={search_term_string}"},"query-input":{"@type":"PropertyValueSpecification","valueRequired":true,"valueName":"search_term_string"}}],"inLanguage":"en-US"},{"@type":"Organization","@id":"https:\/\/huetearquitectos.com\/en\/#organization","name":"Huete Arquitectos","url":"https:\/\/huetearquitectos.com\/en\/","logo":{"@type":"ImageObject","inLanguage":"en-US","@id":"https:\/\/huetearquitectos.com\/en\/#\/schema\/logo\/image\/","url":"https:\/\/huetearquitectos.com\/wp-content\/uploads\/2021\/06\/logo-huete-nuevo-definitivo.svg","contentUrl":"https:\/\/huetearquitectos.com\/wp-content\/uploads\/2021\/06\/logo-huete-nuevo-definitivo.svg","width":200,"height":32,"caption":"Huete Arquitectos"},"image":{"@id":"https:\/\/huetearquitectos.com\/en\/#\/schema\/logo\/image\/"}}]}},"_links":{"self":[{"href":"https:\/\/huetearquitectos.com\/en\/wp-json\/wp\/v2\/pages\/8387","targetHints":{"allow":["GET"]}}],"collection":[{"href":"https:\/\/huetearquitectos.com\/en\/wp-json\/wp\/v2\/pages"}],"about":[{"href":"https:\/\/huetearquitectos.com\/en\/wp-json\/wp\/v2\/types\/page"}],"author":[{"embeddable":true,"href":"https:\/\/huetearquitectos.com\/en\/wp-json\/wp\/v2\/users\/2"}],"replies":[{"embeddable":true,"href":"https:\/\/huetearquitectos.com\/en\/wp-json\/wp\/v2\/comments?post=8387"}],"version-history":[{"count":0,"href":"https:\/\/huetearquitectos.com\/en\/wp-json\/wp\/v2\/pages\/8387\/revisions"}],"wp:attachment":[{"href":"https:\/\/huetearquitectos.com\/en\/wp-json\/wp\/v2\/media?parent=8387"}],"curies":[{"name":"wp","href":"https:\/\/api.w.org\/{rel}","templated":true}]}}