{"id":8388,"date":"2021-07-15T09:47:59","date_gmt":"2021-07-15T07:47:59","guid":{"rendered":"https:\/\/huetearquitectos.com\/contacto\/"},"modified":"2023-11-28T14:17:55","modified_gmt":"2023-11-28T12:17:55","slug":"contact","status":"publish","type":"page","link":"https:\/\/huetearquitectos.com\/en\/contact\/","title":{"rendered":"Contact"},"content":{"rendered":"\t\t<div data-elementor-type=\"wp-page\" data-elementor-id=\"8388\" class=\"elementor elementor-8388 elementor-3211\" data-elementor-post-type=\"page\">\n\t\t\t\t\t\t<section data-dce-background-image-url=\"https:\/\/huetearquitectos.com\/wp-content\/uploads\/2021\/07\/Biblio-scaled.jpg\" class=\"elementor-section elementor-top-section elementor-element elementor-element-c45b727 elementor-section-stretched contacto-home elementor-section-boxed elementor-section-height-default elementor-section-height-default\" data-id=\"c45b727\" data-element_type=\"section\" data-settings=\"{&quot;stretch_section&quot;:&quot;section-stretched&quot;,&quot;background_background&quot;:&quot;classic&quot;}\">\n\t\t\t\t\t\t<div class=\"elementor-container elementor-column-gap-default\">\n\t\t\t\t\t<div class=\"elementor-column elementor-col-100 elementor-top-column elementor-element elementor-element-158e944\" data-id=\"158e944\" data-element_type=\"column\">\n\t\t\t<div class=\"elementor-widget-wrap elementor-element-populated\">\n\t\t\t\t\t\t<div class=\"elementor-element elementor-element-5fd7b11 title-medium elementor-widget elementor-widget-heading\" data-id=\"5fd7b11\" data-element_type=\"widget\" data-widget_type=\"heading.default\">\n\t\t\t\t<div class=\"elementor-widget-container\">\n\t\t\t\t\t<h1 class=\"elementor-heading-title elementor-size-default\">How can we <br \/><span class=\"red-text bigger-text\">help you?<\/span><\/h1>\t\t\t\t<\/div>\n\t\t\t\t<\/div>\n\t\t\t\t<div class=\"elementor-element elementor-element-7538647 elementor-widget elementor-widget-text-editor\" data-id=\"7538647\" data-element_type=\"widget\" data-widget_type=\"text-editor.default\">\n\t\t\t\t<div class=\"elementor-widget-container\">\n\t\t\t\t\t\t\t\t\tLet us know about your project and we will be in touch soon\t\t\t\t\t\t\t\t<\/div>\n\t\t\t\t<\/div>\n\t\t\t\t<section class=\"elementor-section elementor-inner-section elementor-element elementor-element-8c76954 elementor-section-boxed elementor-section-height-default elementor-section-height-default\" data-id=\"8c76954\" data-element_type=\"section\">\n\t\t\t\t\t\t<div class=\"elementor-container elementor-column-gap-default\">\n\t\t\t\t\t<div class=\"elementor-column elementor-col-100 elementor-inner-column elementor-element elementor-element-2dbc83a\" data-id=\"2dbc83a\" data-element_type=\"column\">\n\t\t\t<div class=\"elementor-widget-wrap elementor-element-populated\">\n\t\t\t\t\t\t<div class=\"elementor-element elementor-element-60c18f8 elementor-widget elementor-widget-html\" data-id=\"60c18f8\" data-element_type=\"widget\" data-widget_type=\"html.default\">\n\t\t\t\t<div class=\"elementor-widget-container\">\n\t\t\t\t\t\n<div class=\"wpcf7 no-js\" id=\"wpcf7-f8385-o1\" lang=\"es-ES\" dir=\"ltr\" data-wpcf7-id=\"8385\">\n<div class=\"screen-reader-response\"><p role=\"status\" aria-live=\"polite\" aria-atomic=\"true\"><\/p> <ul><\/ul><\/div>\n<form action=\"\/en\/wp-json\/wp\/v2\/pages\/8388#wpcf7-f8385-o1\" method=\"post\" class=\"wpcf7-form init\" aria-label=\"Formulario de contacto\" novalidate=\"novalidate\" data-status=\"init\">\n<fieldset class=\"hidden-fields-container\"><input type=\"hidden\" name=\"_wpcf7\" value=\"8385\" \/><input type=\"hidden\" name=\"_wpcf7_version\" value=\"6.1.4\" \/><input type=\"hidden\" name=\"_wpcf7_locale\" value=\"es_ES\" \/><input type=\"hidden\" name=\"_wpcf7_unit_tag\" value=\"wpcf7-f8385-o1\" \/><input type=\"hidden\" name=\"_wpcf7_container_post\" value=\"0\" \/><input type=\"hidden\" name=\"_wpcf7_posted_data_hash\" value=\"\" \/><input type=\"hidden\" name=\"_wpcf7_recaptcha_response\" value=\"\" \/>\n<\/fieldset>\n<p><span class=\"wpcf7-form-control-wrap\" data-name=\"nombre\"><input size=\"40\" maxlength=\"400\" class=\"wpcf7-form-control wpcf7-text wpcf7-validates-as-required\" aria-required=\"true\" aria-invalid=\"false\" placeholder=\"Enter your name *\" value=\"\" type=\"text\" name=\"nombre\" \/><\/span><span class=\"wpcf7-form-control-wrap\" data-name=\"apellido\"><input size=\"40\" maxlength=\"400\" class=\"wpcf7-form-control wpcf7-text wpcf7-validates-as-required\" aria-required=\"true\" aria-invalid=\"false\" placeholder=\"Enter your surname *\" value=\"\" type=\"text\" name=\"apellido\" \/><\/span><span class=\"wpcf7-form-control-wrap\" data-name=\"email\"><input size=\"40\" maxlength=\"400\" class=\"wpcf7-form-control wpcf7-email wpcf7-validates-as-required wpcf7-text wpcf7-validates-as-email\" aria-required=\"true\" aria-invalid=\"false\" placeholder=\"Enter your email address *\" value=\"\" type=\"email\" name=\"email\" \/><\/span><span class=\"wpcf7-form-control-wrap\" data-name=\"telefono\"><input size=\"40\" maxlength=\"400\" class=\"wpcf7-form-control wpcf7-text\" aria-invalid=\"false\" placeholder=\"Enter your phone number\" value=\"\" type=\"text\" name=\"telefono\" \/><\/span><span class=\"wpcf7-form-control-wrap\" data-name=\"empresa\"><input size=\"40\" maxlength=\"400\" class=\"wpcf7-form-control wpcf7-text\" aria-invalid=\"false\" placeholder=\"Enter your company name\" value=\"\" type=\"text\" name=\"empresa\" \/><\/span><br \/>\n<span id=\"wpcf7-69d8b76f31ae5-wrapper\" class=\"wpcf7-form-control-wrap departamento-wrap\" style=\"display:none !important; visibility:hidden !important;\"><label for=\"wpcf7-69d8b76f31ae5-field\" class=\"hp-message\">Por favor, deja este campo vac\u00edo.<\/label><input id=\"wpcf7-69d8b76f31ae5-field\"  placeholder=\"Departamento\"  class=\"wpcf7-form-control wpcf7-text\" type=\"text\" name=\"departamento\" value=\"\" size=\"40\" tabindex=\"-1\" autocomplete=\"new-password\" \/><\/span><span class=\"wpcf7-form-control-wrap\" data-name=\"mensaje\"><textarea cols=\"40\" rows=\"10\" maxlength=\"2000\" class=\"wpcf7-form-control wpcf7-textarea wpcf7-validates-as-required\" aria-required=\"true\" aria-invalid=\"false\" placeholder=\"Message *\" name=\"mensaje\"><\/textarea><\/span><br \/>\n<span class=\"wpcf7-form-control-wrap\" data-name=\"acceptance-legal-accept\"><span class=\"wpcf7-form-control wpcf7-acceptance\"><span class=\"wpcf7-list-item\"><label><input type=\"checkbox\" name=\"acceptance-legal-accept\" value=\"1\" aria-invalid=\"false\" \/><span class=\"wpcf7-list-item-label\">I have read and accept the <a href=\"\/en\/privacy-policy\/\"target=\"_blank\" rel=\"nofollow\">Privacy Policy and Conditions of Use.<\/a>.<\/span><\/label><\/span><\/span><\/span><br \/>\n<input class=\"wpcf7-form-control wpcf7-submit has-spinner\" type=\"submit\" value=\"Send\" \/><br \/>\n<span id=\"wpcf7-69d8b76f31c4f-wrapper\" class=\"wpcf7-form-control-wrap website-wrap\" style=\"display:none !important; visibility:hidden !important;\"><label for=\"wpcf7-69d8b76f31c4f-field\" class=\"hp-message\">Por favor, deja este campo vac\u00edo.<\/label><input id=\"wpcf7-69d8b76f31c4f-field\"  class=\"wpcf7-form-control wpcf7-text\" type=\"text\" name=\"website\" value=\"\" size=\"40\" tabindex=\"-1\" autocomplete=\"new-password\" \/><\/span><br \/>\n<script>\n document.addEventListener( 'wpcf7mailsent', function( event ) {\n document.querySelectorAll(\"form.wpcf7-form > :not(.wpcf7-response-output)\").forEach(el => {\n el.style.display = 'none';\n });\n }, false );\n<\/script>\n<\/p><div class=\"wpcf7-response-output\" aria-hidden=\"true\"><\/div>\n<\/form>\n<\/div>\n\t\t\t\t<\/div>\n\t\t\t\t<\/div>\n\t\t\t\t\t<\/div>\n\t\t<\/div>\n\t\t\t\t\t<\/div>\n\t\t<\/section>\n\t\t\t\t\t<\/div>\n\t\t<\/div>\n\t\t\t\t\t<\/div>\n\t\t<\/section>\n\t\t\t\t<section data-dce-background-color=\"#222222\" class=\"elementor-section elementor-top-section elementor-element elementor-element-92437fb elementor-section-full_width elementor-section-stretched map-contact elementor-section-height-default elementor-section-height-default\" data-id=\"92437fb\" data-element_type=\"section\" data-settings=\"{&quot;stretch_section&quot;:&quot;section-stretched&quot;,&quot;background_background&quot;:&quot;classic&quot;}\">\n\t\t\t\t\t\t<div class=\"elementor-container elementor-column-gap-default\">\n\t\t\t\t\t<div class=\"elementor-column elementor-col-50 elementor-top-column elementor-element elementor-element-cf802c7 contact-info\" data-id=\"cf802c7\" data-element_type=\"column\">\n\t\t\t<div class=\"elementor-widget-wrap elementor-element-populated\">\n\t\t\t\t\t\t<div class=\"elementor-element elementor-element-8a5bb9b title-medium elementor-widget elementor-widget-heading\" data-id=\"8a5bb9b\" data-element_type=\"widget\" data-widget_type=\"heading.default\">\n\t\t\t\t<div class=\"elementor-widget-container\">\n\t\t\t\t\t<h2 class=\"elementor-heading-title elementor-size-default\">Our <span class=\"red-text bigger-text\">Locations<\/span><\/h2>\t\t\t\t<\/div>\n\t\t\t\t<\/div>\n\t\t\t\t<div class=\"elementor-element elementor-element-e20ad54 elementor-widget elementor-widget-text-editor\" data-id=\"e20ad54\" data-element_type=\"widget\" data-widget_type=\"text-editor.default\">\n\t\t\t\t<div class=\"elementor-widget-container\">\n\t\t\t\t\t\t\t\t\t<p>Urbanizaci\u00f3n El Saladillo, Edificio Altair,<br \/>Oficina 105, Autov\u00eda A-7 Km 165, 29688, Estepona,<br \/>Marbella, M\u00e1laga\u00a0<br \/>Tlf [+34] 952 79 80 10<br \/>info@huetearquitectos.com<\/p>\t\t\t\t\t\t\t\t<\/div>\n\t\t\t\t<\/div>\n\t\t\t\t<div class=\"elementor-element elementor-element-e4644be elementor-widget-divider--view-line elementor-widget elementor-widget-divider\" data-id=\"e4644be\" data-element_type=\"widget\" data-widget_type=\"divider.default\">\n\t\t\t\t<div class=\"elementor-widget-container\">\n\t\t\t\t\t\t\t<div class=\"elementor-divider\">\n\t\t\t<span class=\"elementor-divider-separator\">\n\t\t\t\t\t\t<\/span>\n\t\t<\/div>\n\t\t\t\t\t\t<\/div>\n\t\t\t\t<\/div>\n\t\t\t\t<div class=\"elementor-element elementor-element-fc915f6 elementor-widget elementor-widget-text-editor\" data-id=\"fc915f6\" data-element_type=\"widget\" data-widget_type=\"text-editor.default\">\n\t\t\t\t<div class=\"elementor-widget-container\">\n\t\t\t\t\t\t\t\t\tFollow us\t\t\t\t\t\t\t\t<\/div>\n\t\t\t\t<\/div>\n\t\t\t\t<section class=\"elementor-section elementor-inner-section elementor-element elementor-element-29e81e1 elementor-section-boxed elementor-section-height-default elementor-section-height-default\" data-id=\"29e81e1\" data-element_type=\"section\">\n\t\t\t\t\t\t<div class=\"elementor-container elementor-column-gap-default\">\n\t\t\t\t\t<div class=\"elementor-column elementor-col-100 elementor-inner-column elementor-element elementor-element-2247663\" data-id=\"2247663\" data-element_type=\"column\">\n\t\t\t<div class=\"elementor-widget-wrap elementor-element-populated\">\n\t\t\t\t\t\t<div class=\"elementor-element elementor-element-007b3ad elementor-hidden-desktop elementor-hidden-tablet elementor-hidden-phone elementor-view-default elementor-widget elementor-widget-icon\" data-id=\"007b3ad\" data-element_type=\"widget\" data-widget_type=\"icon.default\">\n\t\t\t\t<div class=\"elementor-widget-container\">\n\t\t\t\t\t\t\t<div class=\"elementor-icon-wrapper\">\n\t\t\t<a class=\"elementor-icon\" href=\"#\" target=\"_blank\" rel=\"nofollow\">\n\t\t\t<i aria-hidden=\"true\" class=\"fab fa-twitter\"><\/i>\t\t\t<\/a>\n\t\t<\/div>\n\t\t\t\t\t\t<\/div>\n\t\t\t\t<\/div>\n\t\t\t\t<div class=\"elementor-element elementor-element-b0187c7 elementor-view-default elementor-widget elementor-widget-icon\" data-id=\"b0187c7\" data-element_type=\"widget\" data-widget_type=\"icon.default\">\n\t\t\t\t<div class=\"elementor-widget-container\">\n\t\t\t\t\t\t\t<div class=\"elementor-icon-wrapper\">\n\t\t\t<a class=\"elementor-icon\" href=\"https:\/\/www.facebook.com\/HUETEARQUITECTOS\" target=\"_blank\" rel=\"nofollow\">\n\t\t\t<i aria-hidden=\"true\" class=\"fab fa-facebook-f\"><\/i>\t\t\t<\/a>\n\t\t<\/div>\n\t\t\t\t\t\t<\/div>\n\t\t\t\t<\/div>\n\t\t\t\t<div class=\"elementor-element elementor-element-630e3e6 elementor-view-default elementor-widget elementor-widget-icon\" data-id=\"630e3e6\" data-element_type=\"widget\" data-widget_type=\"icon.default\">\n\t\t\t\t<div class=\"elementor-widget-container\">\n\t\t\t\t\t\t\t<div class=\"elementor-icon-wrapper\">\n\t\t\t<a class=\"elementor-icon\" href=\"https:\/\/www.instagram.com\/huete_arquitectos\/?hl=es\" target=\"_blank\" rel=\"nofollow\">\n\t\t\t<i aria-hidden=\"true\" class=\"fab fa-instagram\"><\/i>\t\t\t<\/a>\n\t\t<\/div>\n\t\t\t\t\t\t<\/div>\n\t\t\t\t<\/div>\n\t\t\t\t<div class=\"elementor-element elementor-element-328d0fd elementor-view-default elementor-widget elementor-widget-icon\" data-id=\"328d0fd\" data-element_type=\"widget\" data-widget_type=\"icon.default\">\n\t\t\t\t<div class=\"elementor-widget-container\">\n\t\t\t\t\t\t\t<div class=\"elementor-icon-wrapper\">\n\t\t\t<a class=\"elementor-icon\" href=\"https:\/\/es.linkedin.com\/company\/huetearquitectos\" target=\"_blank\" rel=\"nofollow\">\n\t\t\t<i aria-hidden=\"true\" class=\"fab fa-linkedin-in\"><\/i>\t\t\t<\/a>\n\t\t<\/div>\n\t\t\t\t\t\t<\/div>\n\t\t\t\t<\/div>\n\t\t\t\t<div class=\"elementor-element elementor-element-fc19c4c elementor-hidden-desktop elementor-hidden-tablet elementor-hidden-phone elementor-view-default elementor-widget elementor-widget-icon\" data-id=\"fc19c4c\" data-element_type=\"widget\" data-widget_type=\"icon.default\">\n\t\t\t\t<div class=\"elementor-widget-container\">\n\t\t\t\t\t\t\t<div class=\"elementor-icon-wrapper\">\n\t\t\t<a class=\"elementor-icon\" href=\"#\" target=\"_blank\" rel=\"nofollow\">\n\t\t\t<i aria-hidden=\"true\" class=\"fab fa-youtube\"><\/i>\t\t\t<\/a>\n\t\t<\/div>\n\t\t\t\t\t\t<\/div>\n\t\t\t\t<\/div>\n\t\t\t\t\t<\/div>\n\t\t<\/div>\n\t\t\t\t\t<\/div>\n\t\t<\/section>\n\t\t\t\t\t<\/div>\n\t\t<\/div>\n\t\t\t\t<div class=\"elementor-column elementor-col-50 elementor-top-column elementor-element elementor-element-ddd48d0 map-contact\" data-id=\"ddd48d0\" data-element_type=\"column\">\n\t\t\t<div class=\"elementor-widget-wrap elementor-element-populated\">\n\t\t\t\t\t\t<div class=\"elementor-element elementor-element-f9371a1 elementor-widget elementor-widget-google_maps\" data-id=\"f9371a1\" data-element_type=\"widget\" data-widget_type=\"google_maps.default\">\n\t\t\t\t<div class=\"elementor-widget-container\">\n\t\t\t\t\t\t\t<div class=\"elementor-custom-embed\">\n\t\t\t<iframe loading=\"lazy\"\n\t\t\t\t\tsrc=\"https:\/\/maps.google.com\/maps?q=Edificio%20Alta%C3%ADr%20Urb%20El%20Saladillo%2C%20Autov%C3%ADa%20del%20Mediterr%C3%A1neo%2C%20Km%20165%2C%20Oficina%20105%2C%2029688%20Marbella%2C%20M%C3%A1laga&#038;t=m&#038;z=15&#038;output=embed&#038;iwloc=near\"\n\t\t\t\t\ttitle=\"Edificio Alta\u00edr Urb El Saladillo, Autov\u00eda del Mediterr\u00e1neo, Km 165, Oficina 105, 29688 Marbella, M\u00e1laga\"\n\t\t\t\t\taria-label=\"Edificio Alta\u00edr Urb El Saladillo, Autov\u00eda del Mediterr\u00e1neo, Km 165, Oficina 105, 29688 Marbella, M\u00e1laga\"\n\t\t\t><\/iframe>\n\t\t<\/div>\n\t\t\t\t\t\t<\/div>\n\t\t\t\t<\/div>\n\t\t\t\t\t<\/div>\n\t\t<\/div>\n\t\t\t\t\t<\/div>\n\t\t<\/section>\n\t\t\t\t<section class=\"elementor-section elementor-top-section elementor-element elementor-element-f16cd6f elementor-section-boxed elementor-section-height-default elementor-section-height-default\" data-id=\"f16cd6f\" data-element_type=\"section\">\n\t\t\t\t\t\t<div class=\"elementor-container elementor-column-gap-default\">\n\t\t\t\t\t<div class=\"elementor-column elementor-col-100 elementor-top-column elementor-element elementor-element-2986f6c\" data-id=\"2986f6c\" data-element_type=\"column\">\n\t\t\t<div class=\"elementor-widget-wrap elementor-element-populated\">\n\t\t\t\t\t\t<div class=\"elementor-element elementor-element-4d32835 title-medium elementor-widget elementor-widget-heading\" data-id=\"4d32835\" data-element_type=\"widget\" data-widget_type=\"heading.default\">\n\t\t\t\t<div class=\"elementor-widget-container\">\n\t\t\t\t\t<h2 class=\"elementor-heading-title elementor-size-default\">Work with us<\/h2>\t\t\t\t<\/div>\n\t\t\t\t<\/div>\n\t\t\t\t<section class=\"elementor-section elementor-inner-section elementor-element elementor-element-1aba66e enlace-separador elementor-section-boxed elementor-section-height-default elementor-section-height-default\" data-id=\"1aba66e\" data-element_type=\"section\">\n\t\t\t\t\t\t<div class=\"elementor-container elementor-column-gap-default\">\n\t\t\t\t\t<div class=\"elementor-column elementor-col-100 elementor-inner-column elementor-element elementor-element-549632d\" data-id=\"549632d\" data-element_type=\"column\">\n\t\t\t<div class=\"elementor-widget-wrap elementor-element-populated\">\n\t\t\t\t\t\t<div class=\"elementor-element elementor-element-4d593e2 elementor-widget elementor-widget-text-editor\" data-id=\"4d593e2\" data-element_type=\"widget\" data-widget_type=\"text-editor.default\">\n\t\t\t\t<div class=\"elementor-widget-container\">\n\t\t\t\t\t\t\t\t\t<p>curriculum@huetearquitectos.com<\/p>\t\t\t\t\t\t\t\t<\/div>\n\t\t\t\t<\/div>\n\t\t\t\t<div class=\"elementor-element elementor-element-9defc41 elementor-widget-divider--view-line elementor-widget elementor-widget-divider\" data-id=\"9defc41\" data-element_type=\"widget\" data-widget_type=\"divider.default\">\n\t\t\t\t<div class=\"elementor-widget-container\">\n\t\t\t\t\t\t\t<div class=\"elementor-divider\">\n\t\t\t<span class=\"elementor-divider-separator\">\n\t\t\t\t\t\t<\/span>\n\t\t<\/div>\n\t\t\t\t\t\t<\/div>\n\t\t\t\t<\/div>\n\t\t\t\t\t<\/div>\n\t\t<\/div>\n\t\t\t\t\t<\/div>\n\t\t<\/section>\n\t\t\t\t\t<\/div>\n\t\t<\/div>\n\t\t\t\t\t<\/div>\n\t\t<\/section>\n\t\t\t\t<\/div>\n\t\t","protected":false},"excerpt":{"rendered":"<p>How can we help you? Let us know about your project and we will be in touch soon Our Locations Urbanizaci\u00f3n El Saladillo, Edificio Altair,Oficina 105, Autov\u00eda A-7 Km 165, 29688, Estepona,Marbella, M\u00e1laga\u00a0Tlf [+34] 952 79 80 10info@huetearquitectos.com Follow us Work with us curriculum@huetearquitectos.com<\/p>\n","protected":false},"author":2,"featured_media":0,"parent":0,"menu_order":0,"comment_status":"closed","ping_status":"closed","template":"","meta":{"_acf_changed":false,"footnotes":""},"class_list":{"2":"type-page","4":"hentry"},"acf":[],"yoast_head":"<!-- This site is optimized with the Yoast SEO plugin v26.7 - https:\/\/yoast.com\/wordpress\/plugins\/seo\/ -->\n<title>Contact - Huete Arquitectos<\/title>\n<meta name=\"description\" content=\"Contact us. We will be happy to assist you and make the architectural or urban planning project you need a reality.\" \/>\n<meta name=\"robots\" content=\"index, follow, max-snippet:-1, max-image-preview:large, max-video-preview:-1\" \/>\n<link rel=\"canonical\" href=\"https:\/\/huetearquitectos.com\/en\/contact\/\" \/>\n<meta property=\"og:locale\" content=\"en_US\" \/>\n<meta property=\"og:type\" content=\"article\" \/>\n<meta property=\"og:title\" content=\"Contact - Huete Arquitectos\" \/>\n<meta property=\"og:description\" content=\"Contact us. We will be happy to assist you and make the architectural or urban planning project you need a reality.\" \/>\n<meta property=\"og:url\" content=\"https:\/\/huetearquitectos.com\/en\/contact\/\" \/>\n<meta property=\"og:site_name\" content=\"Huete Arquitectos\" \/>\n<meta property=\"article:modified_time\" content=\"2023-11-28T12:17:55+00:00\" \/>\n<meta name=\"twitter:card\" content=\"summary_large_image\" \/>\n<meta name=\"twitter:label1\" content=\"Est. reading time\" \/>\n\t<meta name=\"twitter:data1\" content=\"1 minute\" \/>\n<script type=\"application\/ld+json\" class=\"yoast-schema-graph\">{\"@context\":\"https:\/\/schema.org\",\"@graph\":[{\"@type\":\"WebPage\",\"@id\":\"https:\/\/huetearquitectos.com\/en\/contact\/\",\"url\":\"https:\/\/huetearquitectos.com\/en\/contact\/\",\"name\":\"Contact - Huete Arquitectos\",\"isPartOf\":{\"@id\":\"https:\/\/huetearquitectos.com\/en\/#website\"},\"datePublished\":\"2021-07-15T07:47:59+00:00\",\"dateModified\":\"2023-11-28T12:17:55+00:00\",\"description\":\"Contact us. We will be happy to assist you and make the architectural or urban planning project you need a reality.\",\"breadcrumb\":{\"@id\":\"https:\/\/huetearquitectos.com\/en\/contact\/#breadcrumb\"},\"inLanguage\":\"en-US\",\"potentialAction\":[{\"@type\":\"ReadAction\",\"target\":[\"https:\/\/huetearquitectos.com\/en\/contact\/\"]}]},{\"@type\":\"BreadcrumbList\",\"@id\":\"https:\/\/huetearquitectos.com\/en\/contact\/#breadcrumb\",\"itemListElement\":[{\"@type\":\"ListItem\",\"position\":1,\"name\":\"Portada\",\"item\":\"https:\/\/huetearquitectos.com\/en\/\"},{\"@type\":\"ListItem\",\"position\":2,\"name\":\"Contact\"}]},{\"@type\":\"WebSite\",\"@id\":\"https:\/\/huetearquitectos.com\/en\/#website\",\"url\":\"https:\/\/huetearquitectos.com\/en\/\",\"name\":\"Huete Arquitectos\",\"description\":\"\",\"publisher\":{\"@id\":\"https:\/\/huetearquitectos.com\/en\/#organization\"},\"potentialAction\":[{\"@type\":\"SearchAction\",\"target\":{\"@type\":\"EntryPoint\",\"urlTemplate\":\"https:\/\/huetearquitectos.com\/en\/?s={search_term_string}\"},\"query-input\":{\"@type\":\"PropertyValueSpecification\",\"valueRequired\":true,\"valueName\":\"search_term_string\"}}],\"inLanguage\":\"en-US\"},{\"@type\":\"Organization\",\"@id\":\"https:\/\/huetearquitectos.com\/en\/#organization\",\"name\":\"Huete Arquitectos\",\"url\":\"https:\/\/huetearquitectos.com\/en\/\",\"logo\":{\"@type\":\"ImageObject\",\"inLanguage\":\"en-US\",\"@id\":\"https:\/\/huetearquitectos.com\/en\/#\/schema\/logo\/image\/\",\"url\":\"https:\/\/huetearquitectos.com\/wp-content\/uploads\/2021\/06\/logo-huete-nuevo-definitivo.svg\",\"contentUrl\":\"https:\/\/huetearquitectos.com\/wp-content\/uploads\/2021\/06\/logo-huete-nuevo-definitivo.svg\",\"width\":200,\"height\":32,\"caption\":\"Huete Arquitectos\"},\"image\":{\"@id\":\"https:\/\/huetearquitectos.com\/en\/#\/schema\/logo\/image\/\"}}]}<\/script>\n<!-- \/ Yoast SEO plugin. -->","yoast_head_json":{"title":"Contact - Huete Arquitectos","description":"Contact us. We will be happy to assist you and make the architectural or urban planning project you need a reality.","robots":{"index":"index","follow":"follow","max-snippet":"max-snippet:-1","max-image-preview":"max-image-preview:large","max-video-preview":"max-video-preview:-1"},"canonical":"https:\/\/huetearquitectos.com\/en\/contact\/","og_locale":"en_US","og_type":"article","og_title":"Contact - Huete Arquitectos","og_description":"Contact us. We will be happy to assist you and make the architectural or urban planning project you need a reality.","og_url":"https:\/\/huetearquitectos.com\/en\/contact\/","og_site_name":"Huete Arquitectos","article_modified_time":"2023-11-28T12:17:55+00:00","twitter_card":"summary_large_image","twitter_misc":{"Est. reading time":"1 minute"},"schema":{"@context":"https:\/\/schema.org","@graph":[{"@type":"WebPage","@id":"https:\/\/huetearquitectos.com\/en\/contact\/","url":"https:\/\/huetearquitectos.com\/en\/contact\/","name":"Contact - Huete Arquitectos","isPartOf":{"@id":"https:\/\/huetearquitectos.com\/en\/#website"},"datePublished":"2021-07-15T07:47:59+00:00","dateModified":"2023-11-28T12:17:55+00:00","description":"Contact us. We will be happy to assist you and make the architectural or urban planning project you need a reality.","breadcrumb":{"@id":"https:\/\/huetearquitectos.com\/en\/contact\/#breadcrumb"},"inLanguage":"en-US","potentialAction":[{"@type":"ReadAction","target":["https:\/\/huetearquitectos.com\/en\/contact\/"]}]},{"@type":"BreadcrumbList","@id":"https:\/\/huetearquitectos.com\/en\/contact\/#breadcrumb","itemListElement":[{"@type":"ListItem","position":1,"name":"Portada","item":"https:\/\/huetearquitectos.com\/en\/"},{"@type":"ListItem","position":2,"name":"Contact"}]},{"@type":"WebSite","@id":"https:\/\/huetearquitectos.com\/en\/#website","url":"https:\/\/huetearquitectos.com\/en\/","name":"Huete Arquitectos","description":"","publisher":{"@id":"https:\/\/huetearquitectos.com\/en\/#organization"},"potentialAction":[{"@type":"SearchAction","target":{"@type":"EntryPoint","urlTemplate":"https:\/\/huetearquitectos.com\/en\/?s={search_term_string}"},"query-input":{"@type":"PropertyValueSpecification","valueRequired":true,"valueName":"search_term_string"}}],"inLanguage":"en-US"},{"@type":"Organization","@id":"https:\/\/huetearquitectos.com\/en\/#organization","name":"Huete Arquitectos","url":"https:\/\/huetearquitectos.com\/en\/","logo":{"@type":"ImageObject","inLanguage":"en-US","@id":"https:\/\/huetearquitectos.com\/en\/#\/schema\/logo\/image\/","url":"https:\/\/huetearquitectos.com\/wp-content\/uploads\/2021\/06\/logo-huete-nuevo-definitivo.svg","contentUrl":"https:\/\/huetearquitectos.com\/wp-content\/uploads\/2021\/06\/logo-huete-nuevo-definitivo.svg","width":200,"height":32,"caption":"Huete Arquitectos"},"image":{"@id":"https:\/\/huetearquitectos.com\/en\/#\/schema\/logo\/image\/"}}]}},"_links":{"self":[{"href":"https:\/\/huetearquitectos.com\/en\/wp-json\/wp\/v2\/pages\/8388","targetHints":{"allow":["GET"]}}],"collection":[{"href":"https:\/\/huetearquitectos.com\/en\/wp-json\/wp\/v2\/pages"}],"about":[{"href":"https:\/\/huetearquitectos.com\/en\/wp-json\/wp\/v2\/types\/page"}],"author":[{"embeddable":true,"href":"https:\/\/huetearquitectos.com\/en\/wp-json\/wp\/v2\/users\/2"}],"replies":[{"embeddable":true,"href":"https:\/\/huetearquitectos.com\/en\/wp-json\/wp\/v2\/comments?post=8388"}],"version-history":[{"count":0,"href":"https:\/\/huetearquitectos.com\/en\/wp-json\/wp\/v2\/pages\/8388\/revisions"}],"wp:attachment":[{"href":"https:\/\/huetearquitectos.com\/en\/wp-json\/wp\/v2\/media?parent=8388"}],"curies":[{"name":"wp","href":"https:\/\/api.w.org\/{rel}","templated":true}]}}